{"id":1325,"date":"2022-02-21T16:08:43","date_gmt":"2022-02-21T15:08:43","guid":{"rendered":"https:\/\/cyber-detect.com\/?page_id=1325"},"modified":"2025-03-25T12:01:33","modified_gmt":"2025-03-25T11:01:33","slug":"personal-data","status":"publish","type":"page","link":"https:\/\/cyber-detect.com\/en\/personal-data\/","title":{"rendered":"PERSONAL DATA"},"content":{"rendered":"<div class=\"container\"><div class=\"row\"><div class=\"medium-large-full\">\n<div style=\"height:100px\" aria-hidden=\"true\" class=\"wp-block-spacer\"><\/div>\n<\/div><\/div><\/div><div class=\"container\"><div class=\"row\"><div class=\"medium-large-full\">\n<h2 class=\"wp-block-heading\">Mes donn\u00e9es relatives au site cyber-detect.com<\/h2>\n<\/div><\/div><\/div><div class=\"container\"><div class=\"row\"><div class=\"medium-large-full\">Please configure the Privacy Tools page in the admin interface.\n<\/div><\/div><\/div><div class=\"container\"><div class=\"row\"><div class=\"medium-large-full\">\n<h2 class=\"wp-block-heading\">G\u00e9rer mes cookies<\/h2>\n<\/div><\/div><\/div><div class=\"container\"><div class=\"row\"><div class=\"medium-large-full\">\n<a class=\"tarteaucitronOpenPanel button\">Gestion des cookies<\/a>\r\n<\/div><\/div><\/div><div class=\"container\"><div class=\"row\"><div class=\"medium-large-full\">\n<h2 class=\"wp-block-heading\">Suivi Matomo<\/h2>\n<\/div><\/div><\/div><div class=\"container\"><div class=\"row\"><div class=\"medium-large-full\">\n<iframe style=\"border: 0; height: 200px;\" src=\"https:\/\/matomo.billiotte.fr\/index.php?module=CoreAdminHome&#038;action=optOut&#038;language=fr&#038;backgroundColor=&#038;fontColor=&#038;fontSize=&#038;fontFamily=\"><\/iframe>\r\n<\/div><\/div><\/div><div class=\"container\"><div class=\"row\"><div class=\"medium-large-full\">\n<div style=\"height:25px\" aria-hidden=\"true\" class=\"wp-block-spacer\"><\/div>\n<\/div><\/div><\/div><div class=\"container\"><div class=\"row\"><div class=\"medium-large-full\">\n<h2 class=\"wp-block-heading\">Toutes les donn\u00e9es me correspondant<\/h2>\n<\/div><\/div><\/div><div class=\"container\"><div class=\"row\"><div class=\"medium-large-full\">\n<p>Via cette page vous pouvez demander la consultation\/suppression\/anonymisation de vos donn\u00e9es. Pour ce faire utilisez le formulaire ci-apr\u00e8s, les donn\u00e9es renseign\u00e9es ne seront utilis\u00e9es que dans le cadre de votre demande :<\/p>\n<\/div><\/div><\/div><div class=\"container\"><div class=\"row\"><div class=\"medium-large-full\"><script type=\"text\/javascript\">\n\/* <![CDATA[ *\/\n\n\/\/----------------------------------------------------------\n\/\/------ JAVASCRIPT HOOK FUNCTIONS FOR GRAVITY FORMS -------\n\/\/----------------------------------------------------------\n\nif ( ! gform ) {\n\tdocument.addEventListener( 'gform_main_scripts_loaded', function() { gform.scriptsLoaded = true; } );\n\tdocument.addEventListener( 'gform\/theme\/scripts_loaded', function() { gform.themeScriptsLoaded = true; } );\n\twindow.addEventListener( 'DOMContentLoaded', function() { gform.domLoaded = true; } );\n\n\tvar gform = {\n\t\tdomLoaded: false,\n\t\tscriptsLoaded: false,\n\t\tthemeScriptsLoaded: false,\n\t\tisFormEditor: () => typeof InitializeEditor === 'function',\n\n\t\t\/**\n\t\t * @deprecated 2.9 the use of initializeOnLoaded in the form editor context is deprecated.\n\t\t * @remove-in 4.0 this function will not check for gform.isFormEditor().\n\t\t *\/\n\t\tcallIfLoaded: function ( fn ) {\n\t\t\tif ( gform.domLoaded && gform.scriptsLoaded && ( gform.themeScriptsLoaded || gform.isFormEditor() ) ) {\n\t\t\t\tif ( gform.isFormEditor() ) {\n\t\t\t\t\tconsole.warn( 'The use of gform.initializeOnLoaded() is deprecated in the form editor context and will be removed in Gravity Forms 3.1.' );\n\t\t\t\t}\n\t\t\t\tfn();\n\t\t\t\treturn true;\n\t\t\t}\n\t\t\treturn false;\n\t\t},\n\n\t\t\/**\n\t\t * Call a function when all scripts are loaded\n\t\t *\n\t\t * @param function fn the callback function to call when all scripts are loaded\n\t\t *\n\t\t * @returns void\n\t\t *\/\n\t\tinitializeOnLoaded: function( fn ) {\n\t\t\tif ( ! gform.callIfLoaded( fn ) ) {\n\t\t\t\tdocument.addEventListener( 'gform_main_scripts_loaded', () => { gform.scriptsLoaded = true; gform.callIfLoaded( fn ); } );\n\t\t\t\tdocument.addEventListener( 'gform\/theme\/scripts_loaded', () => { gform.themeScriptsLoaded = true; gform.callIfLoaded( fn ); } );\n\t\t\t\twindow.addEventListener( 'DOMContentLoaded', () => { gform.domLoaded = true; gform.callIfLoaded( fn ); } );\n\t\t\t}\n\t\t},\n\n\t\thooks: { action: {}, filter: {} },\n\t\taddAction: function( action, callable, priority, tag ) {\n\t\t\tgform.addHook( 'action', action, callable, priority, tag );\n\t\t},\n\t\taddFilter: function( action, callable, priority, tag ) {\n\t\t\tgform.addHook( 'filter', action, callable, priority, tag );\n\t\t},\n\t\tdoAction: function( action ) {\n\t\t\tgform.doHook( 'action', action, arguments );\n\t\t},\n\t\tapplyFilters: function( action ) {\n\t\t\treturn gform.doHook( 'filter', action, arguments );\n\t\t},\n\t\tremoveAction: function( action, tag ) {\n\t\t\tgform.removeHook( 'action', action, tag );\n\t\t},\n\t\tremoveFilter: function( action, priority, tag ) {\n\t\t\tgform.removeHook( 'filter', action, priority, tag );\n\t\t},\n\t\taddHook: function( hookType, action, callable, priority, tag ) {\n\t\t\tif ( undefined == gform.hooks[hookType][action] ) {\n\t\t\t\tgform.hooks[hookType][action] = [];\n\t\t\t}\n\t\t\tvar hooks = gform.hooks[hookType][action];\n\t\t\tif ( undefined == tag ) {\n\t\t\t\ttag = action + '_' + hooks.length;\n\t\t\t}\n\t\t\tif( priority == undefined ){\n\t\t\t\tpriority = 10;\n\t\t\t}\n\n\t\t\tgform.hooks[hookType][action].push( { tag:tag, callable:callable, priority:priority } );\n\t\t},\n\t\tdoHook: function( hookType, action, args ) {\n\n\t\t\t\/\/ splice args from object into array and remove first index which is the hook name\n\t\t\targs = Array.prototype.slice.call(args, 1);\n\n\t\t\tif ( undefined != gform.hooks[hookType][action] ) {\n\t\t\t\tvar hooks = gform.hooks[hookType][action], hook;\n\t\t\t\t\/\/sort by priority\n\t\t\t\thooks.sort(function(a,b){return a[\"priority\"]-b[\"priority\"]});\n\n\t\t\t\thooks.forEach( function( hookItem ) {\n\t\t\t\t\thook = hookItem.callable;\n\n\t\t\t\t\tif(typeof hook != 'function')\n\t\t\t\t\t\thook = window[hook];\n\t\t\t\t\tif ( 'action' == hookType ) {\n\t\t\t\t\t\thook.apply(null, args);\n\t\t\t\t\t} else {\n\t\t\t\t\t\targs[0] = hook.apply(null, args);\n\t\t\t\t\t}\n\t\t\t\t} );\n\t\t\t}\n\t\t\tif ( 'filter'==hookType ) {\n\t\t\t\treturn args[0];\n\t\t\t}\n\t\t},\n\t\tremoveHook: function( hookType, action, priority, tag ) {\n\t\t\tif ( undefined != gform.hooks[hookType][action] ) {\n\t\t\t\tvar hooks = gform.hooks[hookType][action];\n\t\t\t\thooks = hooks.filter( function(hook, index, arr) {\n\t\t\t\t\tvar removeHook = (undefined==tag||tag==hook.tag) && (undefined==priority||priority==hook.priority);\n\t\t\t\t\treturn !removeHook;\n\t\t\t\t} );\n\t\t\t\tgform.hooks[hookType][action] = hooks;\n\t\t\t}\n\t\t}\n\t};\n}\n\n\/* ]]> *\/\n<\/script>\n\n                <div class='gf_browser_gecko gform_wrapper gravity-theme gform-theme--no-framework' data-form-theme='gravity-theme' data-form-index='0' id='gform_wrapper_2' ><form method='post' enctype='multipart\/form-data'  id='gform_2'  action='\/en\/wp-json\/wp\/v2\/pages\/1325' data-formid='2' novalidate>\n                        <div class='gform-body gform_body'><div id='gform_fields_2' class='gform_fields top_label form_sublabel_below description_below validation_below'><div id=\"field_2_4\" class=\"gfield gfield--type-text gfield_contains_required field_sublabel_below gfield--no-description field_description_below field_validation_below gfield_visibility_visible\"  ><label class='gfield_label gform-field-label' for='input_2_4'>Votre nom<span class=\"gfield_required\"><span class=\"gfield_required gfield_required_text\">(Required)<\/span><\/span><\/label><div class='ginput_container ginput_container_text'><input name='input_4' id='input_2_4' type='text' value='' class='medium'     aria-required=\"true\" aria-invalid=\"false\"   \/><\/div><\/div><div id=\"field_2_2\" class=\"gfield gfield--type-text gfield_contains_required field_sublabel_below gfield--no-description field_description_below field_validation_below gfield_visibility_visible\"  ><label class='gfield_label gform-field-label' for='input_2_2'>Votre adresse de messagerie<span class=\"gfield_required\"><span class=\"gfield_required gfield_required_text\">(Required)<\/span><\/span><\/label><div class='ginput_container ginput_container_text'><input name='input_2' id='input_2_2' type='text' value='' class='medium'     aria-required=\"true\" aria-invalid=\"false\"   \/><\/div><\/div><div id=\"field_2_1\" class=\"gfield gfield--type-select field_sublabel_below gfield--no-description field_description_below field_validation_below gfield_visibility_visible\"  ><label class='gfield_label gform-field-label' for='input_2_1'>Votre demande<\/label><div class='ginput_container ginput_container_select'><select name='input_1' id='input_2_1' class='medium gfield_select'     aria-invalid=\"false\" ><option value='Extraire mes donn\u00e9es' >Extraire mes donn\u00e9es<\/option><option value='Suppression de mes donn\u00e9es' >Suppression de mes donn\u00e9es<\/option><option value='Anonymisation de mes donn\u00e9es' >Anonymisation de mes donn\u00e9es<\/option><option value='Migration de mes donn\u00e9es' >Migration de mes donn\u00e9es<\/option><\/select><\/div><\/div><div id=\"field_2_3\" class=\"gfield gfield--type-textarea field_sublabel_below gfield--no-description field_description_below field_validation_below gfield_visibility_visible\"  ><label class='gfield_label gform-field-label' for='input_2_3'>Message compl\u00e9mentaire<\/label><div class='ginput_container ginput_container_textarea'><textarea name='input_3' id='input_2_3' class='textarea medium'      aria-invalid=\"false\"   rows='10' cols='50'><\/textarea><\/div><\/div><fieldset id=\"field_2_5\" class=\"gfield gfield--type-checkbox gfield--type-choice gfield_contains_required field_sublabel_below gfield--no-description field_description_below hidden_label field_validation_below gfield_visibility_visible\"  ><legend class='gfield_label gform-field-label screen-reader-text gfield_label_before_complex' ><span class=\"gfield_required\"><span class=\"gfield_required gfield_required_text\">(Required)<\/span><\/span><\/legend><div class='ginput_container ginput_container_checkbox'><div class='gfield_checkbox ' id='input_2_5'><div class='gchoice gchoice_2_5_1'>\n\t\t\t\t\t\t\t\t<input class='gfield-choice-input' name='input_5.1' type='checkbox'  value='J\u2019accepte la &lt;a href=&quot;https:\/\/cyber-detect.com\/politique-de-confidentialite\/&quot; target=&quot;_blank&quot;&gt;politique de confidentialit\u00e9&lt;\/a&gt;.'  id='choice_2_5_1'   \/>\n\t\t\t\t\t\t\t\t<label for='choice_2_5_1' id='label_2_5_1' class='gform-field-label gform-field-label--type-inline'>J\u2019accepte la <a href=\"https:\/\/cyber-detect.com\/politique-de-confidentialite\/\" target=\"_blank\">politique de confidentialit\u00e9<\/a>.<\/label>\n\t\t\t\t\t\t\t<\/div><\/div><\/div><\/fieldset><div id=\"field_2_6\" class=\"gfield gfield--type-captcha gfield--width-full field_sublabel_below gfield--no-description field_description_below field_validation_below gfield_visibility_visible\"  ><label class='gfield_label gform-field-label' for='input_2_6'>CAPTCHA<\/label><div id='input_2_6' class='ginput_container ginput_recaptcha' data-sitekey='6LcNvTwjAAAAAAo-UVaYZgq7GkQanomUj_u6ZfBX'  data-theme='light' data-tabindex='0'  data-badge=''><\/div><\/div><\/div><\/div>\n        <div class='gform-footer gform_footer top_label'> <input type='submit' id='gform_submit_button_2' class='gform_button button' onclick='gform.submission.handleButtonClick(this);' data-submission-type='submit' value='Envoyer'  \/> \n            <input type='hidden' class='gform_hidden' name='gform_submission_method' data-js='gform_submission_method_2' value='postback' \/>\n            <input type='hidden' class='gform_hidden' name='gform_theme' data-js='gform_theme_2' id='gform_theme_2' value='gravity-theme' \/>\n            <input type='hidden' class='gform_hidden' name='gform_style_settings' data-js='gform_style_settings_2' id='gform_style_settings_2' value='[]' \/>\n            <input type='hidden' class='gform_hidden' name='is_submit_2' value='1' \/>\n            <input type='hidden' class='gform_hidden' name='gform_submit' value='2' \/>\n            \n            <input type='hidden' class='gform_hidden' name='gform_currency' data-currency='EUR' value='lcnLdquolZIARdui52rnv8h6FFCa8ipVjiB\/VxObQTmPXvXTs8Dx56Anp54QW+e0KFtDqit3nNMkqKRaYXbJnlusr8y3xKjYjClARameUx\/BsFM=' \/>\n            <input type='hidden' class='gform_hidden' name='gform_unique_id' value='' \/>\n            <input type='hidden' class='gform_hidden' name='state_2' value='WyJbXSIsIjU5Mzk2Mjk4NmE2YTA3ZTJjNzRhNzQwZGE5MWZjZmYzIl0=' \/>\n            <input type='hidden' autocomplete='off' class='gform_hidden' name='gform_target_page_number_2' id='gform_target_page_number_2' value='0' \/>\n            <input type='hidden' autocomplete='off' class='gform_hidden' name='gform_source_page_number_2' id='gform_source_page_number_2' value='1' \/>\n            <input type='hidden' name='gform_field_values' value='' \/>\n            \n        <\/div>\n                        <\/form>\n                        <\/div><script type=\"text\/javascript\">\n\/* <![CDATA[ *\/\n gform.initializeOnLoaded( function() {gformInitSpinner( 2, 'https:\/\/cyber-detect.com\/wp-content\/plugins\/gravityforms\/images\/spinner.svg', true );jQuery('#gform_ajax_frame_2').on('load',function(){var contents = jQuery(this).contents().find('*').html();var is_postback = contents.indexOf('GF_AJAX_POSTBACK') >= 0;if(!is_postback){return;}var form_content = jQuery(this).contents().find('#gform_wrapper_2');var is_confirmation = jQuery(this).contents().find('#gform_confirmation_wrapper_2').length > 0;var is_redirect = contents.indexOf('gformRedirect(){') >= 0;var is_form = form_content.length > 0 && ! is_redirect && ! is_confirmation;var mt = parseInt(jQuery('html').css('margin-top'), 10) + parseInt(jQuery('body').css('margin-top'), 10) + 100;if(is_form){jQuery('#gform_wrapper_2').html(form_content.html());if(form_content.hasClass('gform_validation_error')){jQuery('#gform_wrapper_2').addClass('gform_validation_error');} else {jQuery('#gform_wrapper_2').removeClass('gform_validation_error');}setTimeout( function() { \/* delay the scroll by 50 milliseconds to fix a bug in chrome *\/  }, 50 );if(window['gformInitDatepicker']) {gformInitDatepicker();}if(window['gformInitPriceFields']) {gformInitPriceFields();}var current_page = jQuery('#gform_source_page_number_2').val();gformInitSpinner( 2, 'https:\/\/cyber-detect.com\/wp-content\/plugins\/gravityforms\/images\/spinner.svg', true );jQuery(document).trigger('gform_page_loaded', [2, current_page]);window['gf_submitting_2'] = false;}else if(!is_redirect){var confirmation_content = jQuery(this).contents().find('.GF_AJAX_POSTBACK').html();if(!confirmation_content){confirmation_content = contents;}jQuery('#gform_wrapper_2').replaceWith(confirmation_content);jQuery(document).trigger('gform_confirmation_loaded', [2]);window['gf_submitting_2'] = false;wp.a11y.speak(jQuery('#gform_confirmation_message_2').text());}else{jQuery('#gform_2').append(contents);if(window['gformRedirect']) {gformRedirect();}}jQuery(document).trigger(\"gform_pre_post_render\", [{ formId: \"2\", currentPage: \"current_page\", abort: function() { this.preventDefault(); } }]);        if (event && event.defaultPrevented) {                return;        }        const gformWrapperDiv = document.getElementById( \"gform_wrapper_2\" );        if ( gformWrapperDiv ) {            const visibilitySpan = document.createElement( \"span\" );            visibilitySpan.id = \"gform_visibility_test_2\";            gformWrapperDiv.insertAdjacentElement( \"afterend\", visibilitySpan );        }        const visibilityTestDiv = document.getElementById( \"gform_visibility_test_2\" );        let postRenderFired = false;        function triggerPostRender() {            if ( postRenderFired ) {                return;            }            postRenderFired = true;            gform.core.triggerPostRenderEvents( 2, current_page );            if ( visibilityTestDiv ) {                visibilityTestDiv.parentNode.removeChild( visibilityTestDiv );            }        }        function debounce( func, wait, immediate ) {            var timeout;            return function() {                var context = this, args = arguments;                var later = function() {                    timeout = null;                    if ( !immediate ) func.apply( context, args );                };                var callNow = immediate && !timeout;                clearTimeout( timeout );                timeout = setTimeout( later, wait );                if ( callNow ) func.apply( context, args );            };        }        const debouncedTriggerPostRender = debounce( function() {            triggerPostRender();        }, 200 );        if ( visibilityTestDiv && visibilityTestDiv.offsetParent === null ) {            const observer = new MutationObserver( ( mutations ) => {                mutations.forEach( ( mutation ) => {                    if ( mutation.type === 'attributes' && visibilityTestDiv.offsetParent !== null ) {                        debouncedTriggerPostRender();                        observer.disconnect();                    }                });            });            observer.observe( document.body, {                attributes: true,                childList: false,                subtree: true,                attributeFilter: [ 'style', 'class' ],            });        } else {            triggerPostRender();        }    } );} ); \n\/* ]]> *\/\n<\/script>\n<\/div><\/div><\/div><div class=\"container\"><div class=\"row\"><div class=\"medium-large-full\">\n<div style=\"height:100px\" aria-hidden=\"true\" class=\"wp-block-spacer\"><\/div>\n<\/div><\/div><\/div>","protected":false},"excerpt":{"rendered":"<p>Mes donn\u00e9es relatives au site cyber-detect.com G\u00e9rer mes cookies Gestion des cookies Suivi Matomo Toutes les donn\u00e9es me correspondant Via cette page vous pouvez demander la consultation\/suppression\/anonymisation de vos donn\u00e9es. Pour ce faire utilisez le formulaire ci-apr\u00e8s, les donn\u00e9es renseign\u00e9es ne seront utilis\u00e9es que dans le cadre de votre demande :<\/p>\n","protected":false},"author":1,"featured_media":0,"parent":0,"menu_order":0,"comment_status":"closed","ping_status":"closed","template":"","meta":{"_acf_changed":false,"footnotes":""},"class_list":["post-1325","page","type-page","status-publish","hentry"],"acf":[],"yoast_head":"<!-- This site is optimized with the Yoast SEO plugin v24.7 - https:\/\/yoast.com\/wordpress\/plugins\/seo\/ -->\n<title>PERSONAL DATA - Cyber-Detect<\/title>\n<meta name=\"robots\" content=\"index, follow, max-snippet:-1, max-image-preview:large, max-video-preview:-1\" \/>\n<link rel=\"canonical\" href=\"https:\/\/cyber-detect.com\/en\/personal-data\/\" \/>\n<meta property=\"og:locale\" content=\"en_US\" \/>\n<meta property=\"og:type\" content=\"article\" \/>\n<meta property=\"og:title\" content=\"PERSONAL DATA - Cyber-Detect\" \/>\n<meta property=\"og:description\" content=\"Mes donn\u00e9es relatives au site cyber-detect.com G\u00e9rer mes cookies Gestion des cookies Suivi Matomo Toutes les donn\u00e9es me correspondant Via cette page vous pouvez demander la consultation\/suppression\/anonymisation de vos donn\u00e9es. Pour ce faire utilisez le formulaire ci-apr\u00e8s, les donn\u00e9es renseign\u00e9es ne seront utilis\u00e9es que dans le cadre de votre demande :\" \/>\n<meta property=\"og:url\" content=\"https:\/\/cyber-detect.com\/en\/personal-data\/\" \/>\n<meta property=\"og:site_name\" content=\"Cyber-Detect\" \/>\n<meta property=\"article:modified_time\" content=\"2025-03-25T11:01:33+00:00\" \/>\n<meta name=\"twitter:card\" content=\"summary_large_image\" \/>\n<meta name=\"twitter:label1\" content=\"Est. reading time\" \/>\n\t<meta name=\"twitter:data1\" content=\"1 minute\" \/>\n<script type=\"application\/ld+json\" class=\"yoast-schema-graph\">{\"@context\":\"https:\/\/schema.org\",\"@graph\":[{\"@type\":\"WebPage\",\"@id\":\"https:\/\/cyber-detect.com\/en\/personal-data\/\",\"url\":\"https:\/\/cyber-detect.com\/en\/personal-data\/\",\"name\":\"PERSONAL DATA - Cyber-Detect\",\"isPartOf\":{\"@id\":\"https:\/\/cyber-detect.com\/en\/#website\"},\"datePublished\":\"2022-02-21T15:08:43+00:00\",\"dateModified\":\"2025-03-25T11:01:33+00:00\",\"breadcrumb\":{\"@id\":\"https:\/\/cyber-detect.com\/en\/personal-data\/#breadcrumb\"},\"inLanguage\":\"en-US\",\"potentialAction\":[{\"@type\":\"ReadAction\",\"target\":[\"https:\/\/cyber-detect.com\/en\/personal-data\/\"]}]},{\"@type\":\"BreadcrumbList\",\"@id\":\"https:\/\/cyber-detect.com\/en\/personal-data\/#breadcrumb\",\"itemListElement\":[{\"@type\":\"ListItem\",\"position\":1,\"name\":\"Home\",\"item\":\"https:\/\/cyber-detect.com\/en\/\"},{\"@type\":\"ListItem\",\"position\":2,\"name\":\"PERSONAL DATA\"}]},{\"@type\":\"WebSite\",\"@id\":\"https:\/\/cyber-detect.com\/en\/#website\",\"url\":\"https:\/\/cyber-detect.com\/en\/\",\"name\":\"Cyber-Detect\",\"description\":\"\",\"publisher\":{\"@id\":\"https:\/\/cyber-detect.com\/en\/#organization\"},\"potentialAction\":[{\"@type\":\"SearchAction\",\"target\":{\"@type\":\"EntryPoint\",\"urlTemplate\":\"https:\/\/cyber-detect.com\/en\/?s={search_term_string}\"},\"query-input\":{\"@type\":\"PropertyValueSpecification\",\"valueRequired\":true,\"valueName\":\"search_term_string\"}}],\"inLanguage\":\"en-US\"},{\"@type\":\"Organization\",\"@id\":\"https:\/\/cyber-detect.com\/en\/#organization\",\"name\":\"Cyber-Detect\",\"url\":\"https:\/\/cyber-detect.com\/en\/\",\"logo\":{\"@type\":\"ImageObject\",\"inLanguage\":\"en-US\",\"@id\":\"https:\/\/cyber-detect.com\/en\/#\/schema\/logo\/image\/\",\"url\":\"https:\/\/cyber-detect.com\/wp-content\/uploads\/2021\/08\/AI-CYBER-DETECT-MORPHOLOGICAL-ANALYSIS-PAYSAGE-RGB-white-vecto.svg\",\"contentUrl\":\"https:\/\/cyber-detect.com\/wp-content\/uploads\/2021\/08\/AI-CYBER-DETECT-MORPHOLOGICAL-ANALYSIS-PAYSAGE-RGB-white-vecto.svg\",\"width\":728,\"height\":242,\"caption\":\"Cyber-Detect\"},\"image\":{\"@id\":\"https:\/\/cyber-detect.com\/en\/#\/schema\/logo\/image\/\"}}]}<\/script>\n<!-- \/ Yoast SEO plugin. -->","yoast_head_json":{"title":"PERSONAL DATA - Cyber-Detect","robots":{"index":"index","follow":"follow","max-snippet":"max-snippet:-1","max-image-preview":"max-image-preview:large","max-video-preview":"max-video-preview:-1"},"canonical":"https:\/\/cyber-detect.com\/en\/personal-data\/","og_locale":"en_US","og_type":"article","og_title":"PERSONAL DATA - Cyber-Detect","og_description":"Mes donn\u00e9es relatives au site cyber-detect.com G\u00e9rer mes cookies Gestion des cookies Suivi Matomo Toutes les donn\u00e9es me correspondant Via cette page vous pouvez demander la consultation\/suppression\/anonymisation de vos donn\u00e9es. Pour ce faire utilisez le formulaire ci-apr\u00e8s, les donn\u00e9es renseign\u00e9es ne seront utilis\u00e9es que dans le cadre de votre demande :","og_url":"https:\/\/cyber-detect.com\/en\/personal-data\/","og_site_name":"Cyber-Detect","article_modified_time":"2025-03-25T11:01:33+00:00","twitter_card":"summary_large_image","twitter_misc":{"Est. reading time":"1 minute"},"schema":{"@context":"https:\/\/schema.org","@graph":[{"@type":"WebPage","@id":"https:\/\/cyber-detect.com\/en\/personal-data\/","url":"https:\/\/cyber-detect.com\/en\/personal-data\/","name":"PERSONAL DATA - Cyber-Detect","isPartOf":{"@id":"https:\/\/cyber-detect.com\/en\/#website"},"datePublished":"2022-02-21T15:08:43+00:00","dateModified":"2025-03-25T11:01:33+00:00","breadcrumb":{"@id":"https:\/\/cyber-detect.com\/en\/personal-data\/#breadcrumb"},"inLanguage":"en-US","potentialAction":[{"@type":"ReadAction","target":["https:\/\/cyber-detect.com\/en\/personal-data\/"]}]},{"@type":"BreadcrumbList","@id":"https:\/\/cyber-detect.com\/en\/personal-data\/#breadcrumb","itemListElement":[{"@type":"ListItem","position":1,"name":"Home","item":"https:\/\/cyber-detect.com\/en\/"},{"@type":"ListItem","position":2,"name":"PERSONAL DATA"}]},{"@type":"WebSite","@id":"https:\/\/cyber-detect.com\/en\/#website","url":"https:\/\/cyber-detect.com\/en\/","name":"Cyber-Detect","description":"","publisher":{"@id":"https:\/\/cyber-detect.com\/en\/#organization"},"potentialAction":[{"@type":"SearchAction","target":{"@type":"EntryPoint","urlTemplate":"https:\/\/cyber-detect.com\/en\/?s={search_term_string}"},"query-input":{"@type":"PropertyValueSpecification","valueRequired":true,"valueName":"search_term_string"}}],"inLanguage":"en-US"},{"@type":"Organization","@id":"https:\/\/cyber-detect.com\/en\/#organization","name":"Cyber-Detect","url":"https:\/\/cyber-detect.com\/en\/","logo":{"@type":"ImageObject","inLanguage":"en-US","@id":"https:\/\/cyber-detect.com\/en\/#\/schema\/logo\/image\/","url":"https:\/\/cyber-detect.com\/wp-content\/uploads\/2021\/08\/AI-CYBER-DETECT-MORPHOLOGICAL-ANALYSIS-PAYSAGE-RGB-white-vecto.svg","contentUrl":"https:\/\/cyber-detect.com\/wp-content\/uploads\/2021\/08\/AI-CYBER-DETECT-MORPHOLOGICAL-ANALYSIS-PAYSAGE-RGB-white-vecto.svg","width":728,"height":242,"caption":"Cyber-Detect"},"image":{"@id":"https:\/\/cyber-detect.com\/en\/#\/schema\/logo\/image\/"}}]}},"_links":{"self":[{"href":"https:\/\/cyber-detect.com\/en\/wp-json\/wp\/v2\/pages\/1325","targetHints":{"allow":["GET"]}}],"collection":[{"href":"https:\/\/cyber-detect.com\/en\/wp-json\/wp\/v2\/pages"}],"about":[{"href":"https:\/\/cyber-detect.com\/en\/wp-json\/wp\/v2\/types\/page"}],"author":[{"embeddable":true,"href":"https:\/\/cyber-detect.com\/en\/wp-json\/wp\/v2\/users\/1"}],"replies":[{"embeddable":true,"href":"https:\/\/cyber-detect.com\/en\/wp-json\/wp\/v2\/comments?post=1325"}],"version-history":[{"count":4,"href":"https:\/\/cyber-detect.com\/en\/wp-json\/wp\/v2\/pages\/1325\/revisions"}],"predecessor-version":[{"id":2115,"href":"https:\/\/cyber-detect.com\/en\/wp-json\/wp\/v2\/pages\/1325\/revisions\/2115"}],"wp:attachment":[{"href":"https:\/\/cyber-detect.com\/en\/wp-json\/wp\/v2\/media?parent=1325"}],"curies":[{"name":"wp","href":"https:\/\/api.w.org\/{rel}","templated":true}]}}